{"id":2476,"date":"2016-10-19T20:30:42","date_gmt":"2016-10-19T20:30:42","guid":{"rendered":"http:\/\/www.ja-lesieur.com\/en\/?page_id=2476"},"modified":"2016-10-25T00:47:56","modified_gmt":"2016-10-25T00:47:56","slug":"in-the-media","status":"publish","type":"page","link":"https:\/\/www.ja-lesieur.com\/en\/in-the-media\/","title":{"rendered":"In the media"},"content":{"rendered":"<div class=\"wpb-content-wrapper\"><p>[vc_row][vc_column css=&#8221;.vc_custom_1432042943665{padding-top: 2em !important;padding-bottom: 2em !important;background-image: url(https:\/\/ja-lesieur.com\/wp-content\/uploads\/2015\/05\/white_bg.jpg?id=332) !important;}&#8221;]<div class=\"sc_content content_wrap\" data-animation=\"animated fadeInUp normal\"><div id=\"aquamation\" class=\"sc_section\"><h2 class=\"sc_title sc_title_regular sc_align_center fig_border\" style=\"margin-top:0px;text-align:center;\">In the Medias<\/h2><div class=\"columns_wrap sc_columns columns_nofluid sc_columns_count_5\"><div class=\"column-1_5 sc_column_item sc_column_item_1 odd first\"><figure class=\"sc_image  sc_image_shape_square\" style=\"height:90px;\"><div style=\"padding: 0.4em; padding-bottom: 0;\"><img decoding=\"async\" src=\"https:\/\/www.ja-lesieur.com\/wp-content\/uploads\/2016\/09\/ici-198x90.png\" alt=\"\" \/><\/div><\/figure>[vc_column_text]<\/p>\n<p style=\"text-align: center;\"><a href=\"http:\/\/ici.radio-canada.ca\/regions\/estrie\/2015\/04\/11\/003-aquamation-defunt-granby-cremation-ecologique.shtml\" target=\"_blank\">Nouveau moyen moins polluant de disposer du corps d&#8217;un d\u00e9funt<\/a><\/p>\n<p>[\/vc_column_text]<\/div><div class=\"column-1_5 sc_column_item sc_column_item_2 even\"><figure class=\"sc_image  sc_image_shape_square\" style=\"height:90px;\"><div style=\"padding: 0.4em; padding-bottom: 0;\"><img decoding=\"async\" src=\"https:\/\/www.ja-lesieur.com\/wp-content\/uploads\/2016\/09\/tv5-198x90.jpg\" alt=\"\" \/><\/div><\/figure>[vc_column_text]<\/p>\n<p style=\"text-align: center;\"><a href=\"http:\/\/information.tv5monde.com\/info\/l-aquamation-l-histoire-d-eau-funeraire-et-ecolo-29557\" target=\"_blank\">L&#8217;aquamation, une histoire d&#8217;eau fun\u00e9raire et \u00e9colo<\/a><\/p>\n<p>[\/vc_column_text]<\/div><div class=\"column-1_5 sc_column_item sc_column_item_3 odd\"><figure class=\"sc_image  sc_image_shape_square\" style=\"height:90px;\"><div style=\"padding: 0.4em; padding-bottom: 0;\"><img decoding=\"async\" src=\"https:\/\/www.ja-lesieur.com\/wp-content\/uploads\/2016\/09\/francoischarron-198x90.png\" alt=\"\" \/><\/div><\/figure>[vc_column_text]<\/p>\n<p style=\"text-align: center;\"><a href=\"http:\/\/www.francoischarron.com\/laquamation:-alternative-ecolo-a-lincineration-ou-cremation-par-le-feu\/-\/sGpmWPrWpR\/\" target=\"_blank\">L&#8217;aquamation: alternative \u00e9colo \u00e0 l&#8217;incin\u00e9ration ou cr\u00e9mation par le feu<\/a><\/p>\n<p>[\/vc_column_text]<\/div><div class=\"column-1_5 sc_column_item sc_column_item_4 even\"><figure class=\"sc_image  sc_image_shape_square\" style=\"height:90px;\"><div style=\"padding: 0.4em; padding-bottom: 0;\"><img decoding=\"async\" src=\"https:\/\/www.ja-lesieur.com\/wp-content\/uploads\/2016\/09\/granbyexpress-198x90.png\" alt=\"\" \/><\/div><\/figure>[vc_column_text]<\/p>\n<p style=\"text-align: center;\"><a href=\"http:\/\/www.granbyexpress.com\/actualites\/2015\/4\/1\/la-bio-cremation-debarque-a-granby-4097496.html\" target=\"_blank\">La bio-cr\u00e9mation d\u00e9barque \u00e0 Granby<\/a><\/p>\n<p>[\/vc_column_text]<\/div><div class=\"column-1_5 sc_column_item sc_column_item_5 odd\"><figure class=\"sc_image  sc_image_shape_square\" style=\"height:90px;\"><div style=\"padding: 0.4em; padding-bottom: 0;\"><img decoding=\"async\" src=\"https:\/\/www.ja-lesieur.com\/wp-content\/uploads\/2016\/09\/rouge-198x90.png\" alt=\"\" \/><\/div><\/figure>[vc_column_text]<\/p>\n<p style=\"text-align: center;\"><a href=\"http:\/\/estrie.rougefm.ca\/info-estrie\/2015\/04\/01\/video-laquamation-disponible-au-quebec\" target=\"_blank\">VID\u00c9O : L&#8217;aquamation disponible au Qu\u00e9bec<\/a><\/p>\n<p>[\/vc_column_text]<\/div><\/div><div class=\"columns_wrap sc_columns columns_nofluid sc_columns_count_5\" style=\"margin-top:50px;\"><div class=\"column-1_5 sc_column_item sc_column_item_1 odd first\"><figure class=\"sc_image  sc_image_shape_square\" style=\"height:90px;\"><div style=\"padding: 0.4em; padding-bottom: 0;\"><img decoding=\"async\" src=\"https:\/\/www.ja-lesieur.com\/wp-content\/uploads\/2016\/09\/je-tva-198x90.png\" alt=\"\" \/><\/div><\/figure>[vc_column_text]<\/p>\n<p style=\"text-align: center;\"><a href=\"http:\/\/tva.canoe.ca\/emissions\/je\/reportages\/236061.html\" target=\"_blank\">L&#8217;aquamation<\/a><\/p>\n<p>[\/vc_column_text]<\/div><div class=\"column-1_5 sc_column_item sc_column_item_2 even\"><figure class=\"sc_image  sc_image_shape_square\" style=\"height:90px;\"><div style=\"padding: 0.4em; padding-bottom: 0;\"><img decoding=\"async\" src=\"https:\/\/www.ja-lesieur.com\/wp-content\/uploads\/2016\/09\/histoiredesucces-198x90.png\" alt=\"\" \/><\/div><\/figure>[vc_column_text]<\/p>\n<p style=\"text-align: center;\"><a href=\"https:\/\/www.youtube.com\/watch?v=kw9kpSi1Irs&amp;feature=youtu.be\" target=\"_blank\">Complexe Fun\u00e9raire Le Sieur<\/a><\/p>\n<p>[\/vc_column_text]<\/div><div class=\"column-1_5 sc_column_item sc_column_item_3 odd\"><figure class=\"sc_image  sc_image_shape_square\" style=\"height:90px;\"><div style=\"padding: 0.4em; padding-bottom: 0;\"><img decoding=\"async\" src=\"https:\/\/www.ja-lesieur.com\/wp-content\/uploads\/2016\/09\/lavoixdelest-198x90.png\" alt=\"\" \/><\/div><\/figure>[vc_column_text]<\/p>\n<p style=\"text-align: center;\"><a href=\"http:\/\/www.lapresse.ca\/la-voix-de-lest\/actualites\/201503\/31\/01-4857237-plonger-dans-leau-dela.php\" target=\"_blank\">Plonger dans \u00ab l&#8217;eau-del\u00e0 \u00bb<\/a><\/p>\n<p>[\/vc_column_text]<\/div><div class=\"column-1_5 sc_column_item sc_column_item_4 even\"><figure class=\"sc_image  sc_image_shape_square\" style=\"height:90px;\"><div style=\"padding: 0.4em; padding-bottom: 0;\"><img decoding=\"async\" src=\"https:\/\/www.ja-lesieur.com\/wp-content\/uploads\/2016\/09\/funeraireinfo-198x90.png\" alt=\"\" \/><\/div><\/figure>[vc_column_text]<\/p>\n<p style=\"text-align: center;\"><a href=\"http:\/\/www.funeraire-info.fr\/laquamation-histoire-d-eau-des-crematoriums-38888\/\" target=\"_blank\">L&#8217;aquamation, histoire d&#8217;eau des cr\u00e9matoriums ?<\/a><\/p>\n<p>[\/vc_column_text]<\/div><div class=\"column-1_5 sc_column_item sc_column_item_5 odd\"><figure class=\"sc_image  sc_image_shape_square\" style=\"height:90px;\"><div style=\"padding: 0.4em; padding-bottom: 0;\"><img decoding=\"async\" src=\"https:\/\/www.ja-lesieur.com\/wp-content\/uploads\/2016\/09\/icitele-198x90.png\" alt=\"\" \/><\/div><\/figure>[vc_column_text]<\/p>\n<p style=\"text-align: center;\"><a href=\"https:\/\/www.youtube.com\/watch?v=POtt7HYG42g\" target=\"_blank\">Reportage \u00e0 l\u2019\u00e9mission Entr\u00e9e principale<\/a><\/p>\n<p>[\/vc_column_text]<\/div><\/div><\/div><\/div>[\/vc_column][\/vc_row]<\/p>\n<\/div>","protected":false},"excerpt":{"rendered":"<p>[vc_row][vc_column css=&#8221;.vc_custom_1432042943665{padding-top: 2em !important;padding-bottom: 2em !important;background-image: url(https:\/\/ja-lesieur.com\/wp-content\/uploads\/2015\/05\/white_bg.jpg?id=332) !important;}&#8221;][\/vc_column][\/vc_row]<\/p>\n","protected":false},"author":1,"featured_media":0,"parent":0,"menu_order":0,"comment_status":"closed","ping_status":"closed","template":"","meta":{"_crdt_document":"","footnotes":""},"class_list":["post-2476","page","type-page","status-publish","hentry"],"aioseo_notices":[],"jetpack_sharing_enabled":true,"_links":{"self":[{"href":"https:\/\/www.ja-lesieur.com\/en\/wp-json\/wp\/v2\/pages\/2476","targetHints":{"allow":["GET"]}}],"collection":[{"href":"https:\/\/www.ja-lesieur.com\/en\/wp-json\/wp\/v2\/pages"}],"about":[{"href":"https:\/\/www.ja-lesieur.com\/en\/wp-json\/wp\/v2\/types\/page"}],"author":[{"embeddable":true,"href":"https:\/\/www.ja-lesieur.com\/en\/wp-json\/wp\/v2\/users\/1"}],"replies":[{"embeddable":true,"href":"https:\/\/www.ja-lesieur.com\/en\/wp-json\/wp\/v2\/comments?post=2476"}],"version-history":[{"count":2,"href":"https:\/\/www.ja-lesieur.com\/en\/wp-json\/wp\/v2\/pages\/2476\/revisions"}],"predecessor-version":[{"id":2551,"href":"https:\/\/www.ja-lesieur.com\/en\/wp-json\/wp\/v2\/pages\/2476\/revisions\/2551"}],"wp:attachment":[{"href":"https:\/\/www.ja-lesieur.com\/en\/wp-json\/wp\/v2\/media?parent=2476"}],"curies":[{"name":"wp","href":"https:\/\/api.w.org\/{rel}","templated":true}]}}